{"id":58,"date":"2024-03-01T20:02:33","date_gmt":"2024-03-01T19:02:33","guid":{"rendered":"https:\/\/ausbildung.schokopro.com\/?page_id=58"},"modified":"2024-03-06T12:58:45","modified_gmt":"2024-03-06T11:58:45","slug":"bewerbung","status":"publish","type":"page","link":"https:\/\/ausbildung.schokopro.com\/?page_id=58","title":{"rendered":"Bewerbung"},"content":{"rendered":"<p>[et_pb_section fb_built=&#8220;1&#8243; _builder_version=&#8220;4.24.2&#8243; _module_preset=&#8220;default&#8220; background_color=&#8220;#183B64&#8243; background_image=&#8220;https:\/\/ausbildung.schokopro.com\/wp-content\/uploads\/2024\/03\/Homescreen_7.jpg&#8220; background_blend=&#8220;soft-light&#8220; min_height=&#8220;100vh&#8220; custom_margin=&#8220;||||false|false&#8220; hover_enabled=&#8220;0&#8243; da_disable_devices=&#8220;off|off|off&#8220; global_colors_info=&#8220;{}&#8220; height_last_edited=&#8220;off|phone&#8220; sticky_enabled=&#8220;0&#8243; da_is_popup=&#8220;off&#8220; da_exit_intent=&#8220;off&#8220; da_has_close=&#8220;on&#8220; da_alt_close=&#8220;off&#8220; da_dark_close=&#8220;off&#8220; da_not_modal=&#8220;on&#8220; da_is_singular=&#8220;off&#8220; da_with_loader=&#8220;off&#8220; da_has_shadow=&#8220;on&#8220;][et_pb_row _builder_version=&#8220;4.24.2&#8243; _module_preset=&#8220;default&#8220; background_color=&#8220;#FFFFFF&#8220; custom_padding=&#8220;20px|50px|10px|50px|false|true&#8220; hover_enabled=&#8220;0&#8243; box_shadow_style=&#8220;preset3&#8243; global_colors_info=&#8220;{}&#8220; width_last_edited=&#8220;on|phone&#8220; width_phone=&#8220;100%&#8220; sticky_enabled=&#8220;0&#8243;][et_pb_column type=&#8220;4_4&#8243; _builder_version=&#8220;4.24.2&#8243; _module_preset=&#8220;default&#8220; global_colors_info=&#8220;{}&#8220;][wpforms_selector form_id=&#8220;11&#8243; show_title=&#8220;on&#8220; show_desc=&#8220;off&#8220; _builder_version=&#8220;4.24.2&#8243; _module_preset=&#8220;default&#8220; custom_css_free_form=&#8220;.wpforms-form .wpforms-title {||\tfont-family: &#8218;Miso Regular Webfont&#8216;, Helvetica, Arial, Lucida, sans-serif;||\tfont-size: 40px !important;||  color:#0093d4 !important;||||}||||.wpforms-field-label {||\tfont-family: &#8218;Miso Regular Webfont&#8216;, Helvetica, Arial, Lucida, sans-serif;||  margin-bottom: 40px !important;||  font-size: 26px !important;||  color:#0093d4 !important;||||}||||.wpforms-field-label-inline {||\tfont-family: roboto;||  min-width: 100% !important;||  min-height: 100% !important;||  font-weight: 400 !important;||  color:#0093d4 !important;||  background-color: rgba(0,147,212,0.22) !important;||||}||.wpforms-icon-choices-item {||\tfont-family: roboto;||  font-weight: 400 !important;||  color:#0093d4 !important;||  background-color: rgba(0,147,212,0.22) !important;||||}&#8220; global_colors_info=&#8220;{}&#8220;][\/wpforms_selector][\/et_pb_column][\/et_pb_row][\/et_pb_section][et_pb_section fb_built=&#8220;1&#8243; admin_label=&#8220;Popup &#8211; #imprint&#8220; module_id=&#8220;imprint&#8220; module_class=&#8220;popup&#8220; _builder_version=&#8220;4.24.2&#8243; _module_preset=&#8220;default&#8220; da_is_popup=&#8220;on&#8220; da_popup_slug=&#8220;imprint&#8220; da_disable_devices=&#8220;off|off|off&#8220; global_colors_info=&#8220;{}&#8220; da_exit_intent=&#8220;off&#8220; da_has_close=&#8220;on&#8220; da_alt_close=&#8220;off&#8220; da_dark_close=&#8220;off&#8220; da_not_modal=&#8220;on&#8220; da_is_singular=&#8220;off&#8220; da_with_loader=&#8220;off&#8220; da_has_shadow=&#8220;on&#8220;][et_pb_row column_structure=&#8220;1_2,1_2&#8243; _builder_version=&#8220;4.24.2&#8243; _module_preset=&#8220;default&#8220; global_colors_info=&#8220;{}&#8220;][et_pb_column type=&#8220;1_2&#8243; _builder_version=&#8220;4.24.2&#8243; _module_preset=&#8220;default&#8220; global_colors_info=&#8220;{}&#8220;][et_pb_text _builder_version=&#8220;4.24.2&#8243; _module_preset=&#8220;default&#8220; global_colors_info=&#8220;{}&#8220;]<\/p>\n<div class=\"module text bg--white\">\n<div class=\"inner\">\n<h3><span class=\"color--primary\">Dienstanbieter dieser Website ist<\/span><\/h3>\n<h4><strong>schoko pro GmbH<\/strong><\/h4>\n<p>Hauptsitz Wiesbaden<br \/>Alte Schmelze 10<br \/>D-65201 Wiesbaden<\/p>\n<p>Fon: +49 (0) 611 18579 \u2013 0<br \/>Fax: +49 (0) 611 18579 \u2013 99<\/p>\n<p>Niederlassung Berlin<br \/>Stresemannstra\u00dfe 123<br \/>D-10963 Berlin<\/p>\n<p>Mail: info@schokopro.com<br \/>Internet: <span style=\"color: #333399;\"><a href=\"http:\/\/www.schokopro.com\" style=\"color: #333399;\">www.schokopro.com<\/a><\/span><\/p>\n<h4><\/h4>\n<h4>Inhaltlich Verantwortlicher gem\u00e4\u00df \u00a7 6 MDStV:<\/h4>\n<p>Joachim Bruchh\u00e4user<br \/>Handelsregister des Amtsgerichts Wiesbaden HR\/B 12252, USt-ID: DE813123354<br \/>Vertreten durch den Gesch\u00e4ftsf\u00fchrer Joachim Bruchh\u00e4user,<br \/>gesch\u00e4ftsans\u00e4ssig unter der vorgenannten (Hauptsitz) Anschrift.<\/p>\n<p>&nbsp;<\/p>\n<h4>Corporate Social Responsibility (CSR)<\/h4>\n<\/div>\n<\/div>\n<div class=\"module text bg--white\">\n<div class=\"inner\">\n<p>schoko pro als Event Company steht zu ihrer Verantwortung in den Bereichen Menschenrechte, Arbeit, Umwelt und Korruptionsbek\u00e4mpfung. Dies ber\u00fccksichtigen wir in unserem t\u00e4glichen Handeln auf Grundlage der 10 Prinzipien der United Nations Global Compact (UNGC).<\/p>\n<p>&nbsp;<\/p>\n<p>&nbsp;<\/p>\n<\/div>\n<\/div>\n<p>[\/et_pb_text][\/et_pb_column][et_pb_column type=&#8220;1_2&#8243; _builder_version=&#8220;4.24.2&#8243; _module_preset=&#8220;default&#8220; global_colors_info=&#8220;{}&#8220;][et_pb_text _builder_version=&#8220;4.24.2&#8243; _module_preset=&#8220;default&#8220; global_colors_info=&#8220;{}&#8220;]<\/p>\n<h2><span class=\"color--primary\">Haftungsausschluss<\/span><\/h2>\n<h4><strong>Haftung f\u00fcr Inhalte<\/strong><\/h4>\n<p>Die Inhalte unserer Seiten wurden mit gr\u00f6\u00dfter Sorgfalt erstellt. F\u00fcr die Richtigkeit, Vollst\u00e4ndigkeit und Aktualit\u00e4t der Inhalte k\u00f6nnen wir jedoch keine Gew\u00e4hr \u00fcbernehmen. Als Diensteanbieter sind wir gem\u00e4\u00df \u00a7 7 Abs.1 TMG f\u00fcr eigene Inhalte auf diesen Seiten nach den allgemeinen Gesetzen verantwortlich. Nach \u00a7\u00a7 8 bis 10 TMG sind wir als Diensteanbieter jedoch nicht verpflichtet, \u00fcbermittelte oder gespeicherte fremde Informationen zu \u00fcberwachen oder nach Umst\u00e4nden zu forschen, die auf eine rechtswidrige T\u00e4tigkeit hinweisen. Verpflichtungen zur Entfernung oder Sperrung der Nutzung von Informationen nach den allgemeinen Gesetzen bleiben hiervon unber\u00fchrt. Eine diesbez\u00fcgliche Haftung ist jedoch erst ab dem Zeitpunkt der Kenntnis einer konkreten Rechtsverletzung m\u00f6glich. Bei Bekanntwerden von entsprechenden Rechtsverletzungen werden wir diese Inhalte umgehend entfernen.<\/p>\n<h4><strong>Urheberrecht<\/strong><\/h4>\n<p>Die durch die Seitenbetreiber erstellten Inhalte und Werke auf diesen Seiten unterliegen dem deutschen Urheberrecht. Die Vervielf\u00e4ltigung, Bearbeitung, Verbreitung und jede Art der Verwertung au\u00dferhalb der Grenzen des Urheberrechtes bed\u00fcrfen der schriftlichen Zustimmung des jeweiligen Autors bzw. Erstellers. Downloads und Kopien dieser Seite sind nur f\u00fcr den privaten, nicht kommerziellen Gebrauch gestattet. Soweit die Inhalte auf dieser Seite nicht vom Betreiber erstellt wurden, werden die Urheberrechte Dritter beachtet. Insbesondere werden Inhalte Dritter als solche gekennzeichnet. Sollten Sie trotzdem auf eine Urheberrechtsverletzung aufmerksam werden, bitten wir um einen entsprechenden Hinweis. Bei Bekanntwerden von Rechtsverletzungen werden wir derartige Inhalte umgehend entfernen.<\/p>\n<p>&nbsp;<\/p>\n<p>[\/et_pb_text][\/et_pb_column][\/et_pb_row][\/et_pb_section]<\/p>\n","protected":false},"excerpt":{"rendered":"<p>[wpforms_selector form_id=&#8220;11&#8243; show_title=&#8220;on&#8220; show_desc=&#8220;off&#8220; _builder_version=&#8220;4.24.2&#8243; _module_preset=&#8220;default&#8220; custom_css_free_form=&#8220;.wpforms-form .wpforms-title {|| font-family: &#8218;Miso Regular Webfont&#8216;, Helvetica, Arial, Lucida, sans-serif;|| font-size: 40px !important;|| color:#0093d4 !important;||||}||||.wpforms-field-label {|| font-family: &#8218;Miso Regular Webfont&#8216;, Helvetica, Arial, Lucida, sans-serif;|| margin-bottom: 40px !important;|| font-size: 26px !important;|| color:#0093d4 !important;||||}||||.wpforms-field-label-inline {|| font-family: roboto;|| min-width: 100% !important;|| min-height: 100% !important;|| font-weight: 400 !important;|| color:#0093d4 !important;|| background-color: rgba(0,147,212,0.22) [&hellip;]<\/p>\n","protected":false},"author":2,"featured_media":0,"parent":0,"menu_order":0,"comment_status":"closed","ping_status":"closed","template":"","meta":{"_et_pb_use_builder":"on","_et_pb_old_content":"","_et_gb_content_width":"","inline_featured_image":false,"footnotes":""},"class_list":["post-58","page","type-page","status-publish","hentry"],"_links":{"self":[{"href":"https:\/\/ausbildung.schokopro.com\/index.php?rest_route=\/wp\/v2\/pages\/58","targetHints":{"allow":["GET"]}}],"collection":[{"href":"https:\/\/ausbildung.schokopro.com\/index.php?rest_route=\/wp\/v2\/pages"}],"about":[{"href":"https:\/\/ausbildung.schokopro.com\/index.php?rest_route=\/wp\/v2\/types\/page"}],"author":[{"embeddable":true,"href":"https:\/\/ausbildung.schokopro.com\/index.php?rest_route=\/wp\/v2\/users\/2"}],"replies":[{"embeddable":true,"href":"https:\/\/ausbildung.schokopro.com\/index.php?rest_route=%2Fwp%2Fv2%2Fcomments&post=58"}],"version-history":[{"count":22,"href":"https:\/\/ausbildung.schokopro.com\/index.php?rest_route=\/wp\/v2\/pages\/58\/revisions"}],"predecessor-version":[{"id":310,"href":"https:\/\/ausbildung.schokopro.com\/index.php?rest_route=\/wp\/v2\/pages\/58\/revisions\/310"}],"wp:attachment":[{"href":"https:\/\/ausbildung.schokopro.com\/index.php?rest_route=%2Fwp%2Fv2%2Fmedia&parent=58"}],"curies":[{"name":"wp","href":"https:\/\/api.w.org\/{rel}","templated":true}]}}